{"id":718,"date":"2021-08-11T16:04:55","date_gmt":"2021-08-11T14:04:55","guid":{"rendered":"https:\/\/www.sampor.net\/?page_id=718"},"modified":"2024-03-01T16:27:24","modified_gmt":"2024-03-01T15:27:24","slug":"v-dedine","status":"publish","type":"page","link":"https:\/\/www.sampor.net\/index.php\/fotky\/v-dedine\/","title":{"rendered":"V dedine"},"content":{"rendered":"\n<figure class=\"wp-block-gallery has-nested-images columns-4 is-cropped wp-block-gallery-1 is-layout-flex wp-block-gallery-is-layout-flex\">\n<figure class=\"wp-block-image size-large\"><a href=\"https:\/\/www.sampor.net\/wp-content\/uploads\/2021\/08\/IMG_0944-scaled.jpg\" data-rel=\"lightbox-image-0\" data-rl_title=\"\" data-rl_caption=\"\" title=\"\"><img loading=\"lazy\" decoding=\"async\" width=\"1024\" height=\"765\" data-id=\"700\" src=\"https:\/\/www.sampor.net\/wp-content\/uploads\/2021\/08\/IMG_0944-1024x765.jpg\" alt=\"\" class=\"wp-image-700\" srcset=\"https:\/\/www.sampor.net\/wp-content\/uploads\/2021\/08\/IMG_0944-1024x765.jpg 1024w, https:\/\/www.sampor.net\/wp-content\/uploads\/2021\/08\/IMG_0944-300x224.jpg 300w, https:\/\/www.sampor.net\/wp-content\/uploads\/2021\/08\/IMG_0944-768x574.jpg 768w, https:\/\/www.sampor.net\/wp-content\/uploads\/2021\/08\/IMG_0944-1536x1147.jpg 1536w, https:\/\/www.sampor.net\/wp-content\/uploads\/2021\/08\/IMG_0944-2048x1530.jpg 2048w\" sizes=\"auto, (max-width: 1024px) 100vw, 1024px\" \/><\/a><figcaption>Dru\u017estevn\u00e9 ovce<\/figcaption><\/figure>\n\n\n\n<figure class=\"wp-block-image size-large\"><a href=\"https:\/\/www.sampor.net\/wp-content\/uploads\/2021\/08\/IMG_0389-scaled.jpg\" data-rel=\"lightbox-image-1\" data-rl_title=\"\" data-rl_caption=\"\" title=\"\"><img loading=\"lazy\" decoding=\"async\" width=\"765\" height=\"1024\" data-id=\"706\" src=\"https:\/\/www.sampor.net\/wp-content\/uploads\/2021\/08\/IMG_0389-765x1024.jpg\" alt=\"\" class=\"wp-image-706\" srcset=\"https:\/\/www.sampor.net\/wp-content\/uploads\/2021\/08\/IMG_0389-765x1024.jpg 765w, https:\/\/www.sampor.net\/wp-content\/uploads\/2021\/08\/IMG_0389-224x300.jpg 224w, https:\/\/www.sampor.net\/wp-content\/uploads\/2021\/08\/IMG_0389-768x1028.jpg 768w, https:\/\/www.sampor.net\/wp-content\/uploads\/2021\/08\/IMG_0389-1147x1536.jpg 1147w, https:\/\/www.sampor.net\/wp-content\/uploads\/2021\/08\/IMG_0389-1530x2048.jpg 1530w, https:\/\/www.sampor.net\/wp-content\/uploads\/2021\/08\/IMG_0389-scaled.jpg 1912w\" sizes=\"auto, (max-width: 765px) 100vw, 765px\" \/><\/a><figcaption>Tursitick\u00e9 smerovn\u00edky pred dedinou<\/figcaption><\/figure>\n\n\n\n<figure class=\"wp-block-image size-large\"><a href=\"https:\/\/www.sampor.net\/wp-content\/uploads\/2021\/08\/IMG_0711-scaled.jpg\" data-rel=\"lightbox-image-2\" data-rl_title=\"\" data-rl_caption=\"\" title=\"\"><img loading=\"lazy\" decoding=\"async\" width=\"1024\" height=\"765\" data-id=\"707\" src=\"https:\/\/www.sampor.net\/wp-content\/uploads\/2021\/08\/IMG_0711-1024x765.jpg\" alt=\"\" class=\"wp-image-707\" srcset=\"https:\/\/www.sampor.net\/wp-content\/uploads\/2021\/08\/IMG_0711-1024x765.jpg 1024w, https:\/\/www.sampor.net\/wp-content\/uploads\/2021\/08\/IMG_0711-300x224.jpg 300w, https:\/\/www.sampor.net\/wp-content\/uploads\/2021\/08\/IMG_0711-768x574.jpg 768w, https:\/\/www.sampor.net\/wp-content\/uploads\/2021\/08\/IMG_0711-1536x1147.jpg 1536w, https:\/\/www.sampor.net\/wp-content\/uploads\/2021\/08\/IMG_0711-2048x1530.jpg 2048w\" sizes=\"auto, (max-width: 1024px) 100vw, 1024px\" \/><\/a><figcaption>Bocian na zvonici<\/figcaption><\/figure>\n\n\n\n<figure class=\"wp-block-image size-large\"><a href=\"https:\/\/www.sampor.net\/wp-content\/uploads\/2021\/08\/IMG_0454-scaled.jpg\" data-rel=\"lightbox-image-3\" data-rl_title=\"\" data-rl_caption=\"\" title=\"\"><img loading=\"lazy\" decoding=\"async\" width=\"1024\" height=\"765\" data-id=\"697\" src=\"https:\/\/www.sampor.net\/wp-content\/uploads\/2021\/08\/IMG_0454-1024x765.jpg\" alt=\"\" class=\"wp-image-697\" srcset=\"https:\/\/www.sampor.net\/wp-content\/uploads\/2021\/08\/IMG_0454-1024x765.jpg 1024w, https:\/\/www.sampor.net\/wp-content\/uploads\/2021\/08\/IMG_0454-300x224.jpg 300w, https:\/\/www.sampor.net\/wp-content\/uploads\/2021\/08\/IMG_0454-768x574.jpg 768w, https:\/\/www.sampor.net\/wp-content\/uploads\/2021\/08\/IMG_0454-1536x1147.jpg 1536w, https:\/\/www.sampor.net\/wp-content\/uploads\/2021\/08\/IMG_0454-2048x1530.jpg 2048w\" sizes=\"auto, (max-width: 1024px) 100vw, 1024px\" \/><\/a><figcaption>Kl\u00e1\u0161tor<\/figcaption><\/figure>\n\n\n\n<figure class=\"wp-block-image size-large\"><a href=\"https:\/\/www.sampor.net\/wp-content\/uploads\/2021\/08\/IMG_0292-scaled.jpg\" data-rel=\"lightbox-image-4\" data-rl_title=\"\" data-rl_caption=\"\" title=\"\"><img loading=\"lazy\" decoding=\"async\" width=\"1024\" height=\"765\" data-id=\"727\" src=\"https:\/\/www.sampor.net\/wp-content\/uploads\/2021\/08\/IMG_0292-1024x765.jpg\" alt=\"\" class=\"wp-image-727\" srcset=\"https:\/\/www.sampor.net\/wp-content\/uploads\/2021\/08\/IMG_0292-1024x765.jpg 1024w, https:\/\/www.sampor.net\/wp-content\/uploads\/2021\/08\/IMG_0292-300x224.jpg 300w, https:\/\/www.sampor.net\/wp-content\/uploads\/2021\/08\/IMG_0292-768x574.jpg 768w, https:\/\/www.sampor.net\/wp-content\/uploads\/2021\/08\/IMG_0292-1536x1147.jpg 1536w, https:\/\/www.sampor.net\/wp-content\/uploads\/2021\/08\/IMG_0292-2048x1530.jpg 2048w\" sizes=\"auto, (max-width: 1024px) 100vw, 1024px\" \/><\/a><figcaption>Dom sm\u00fatku<\/figcaption><\/figure>\n\n\n\n<figure class=\"wp-block-image size-large\"><a href=\"https:\/\/www.sampor.net\/wp-content\/uploads\/2021\/08\/IMG_0342-scaled.jpg\" data-rel=\"lightbox-image-5\" data-rl_title=\"\" data-rl_caption=\"\" title=\"\"><img loading=\"lazy\" decoding=\"async\" width=\"1024\" height=\"765\" data-id=\"705\" src=\"https:\/\/www.sampor.net\/wp-content\/uploads\/2021\/08\/IMG_0342-1024x765.jpg\" alt=\"\" class=\"wp-image-705\" srcset=\"https:\/\/www.sampor.net\/wp-content\/uploads\/2021\/08\/IMG_0342-1024x765.jpg 1024w, https:\/\/www.sampor.net\/wp-content\/uploads\/2021\/08\/IMG_0342-300x224.jpg 300w, https:\/\/www.sampor.net\/wp-content\/uploads\/2021\/08\/IMG_0342-768x574.jpg 768w, https:\/\/www.sampor.net\/wp-content\/uploads\/2021\/08\/IMG_0342-1536x1147.jpg 1536w, https:\/\/www.sampor.net\/wp-content\/uploads\/2021\/08\/IMG_0342-2048x1530.jpg 2048w\" sizes=\"auto, (max-width: 1024px) 100vw, 1024px\" \/><\/a><figcaption>Ulica v dedine<\/figcaption><\/figure>\n\n\n\n<figure class=\"wp-block-image size-large\"><a href=\"https:\/\/www.sampor.net\/wp-content\/uploads\/2021\/08\/IMG_0309-scaled.jpg\" data-rel=\"lightbox-image-6\" data-rl_title=\"\" data-rl_caption=\"\" title=\"\"><img loading=\"lazy\" decoding=\"async\" width=\"1024\" height=\"765\" data-id=\"703\" src=\"https:\/\/www.sampor.net\/wp-content\/uploads\/2021\/08\/IMG_0309-1024x765.jpg\" alt=\"\" class=\"wp-image-703\" srcset=\"https:\/\/www.sampor.net\/wp-content\/uploads\/2021\/08\/IMG_0309-1024x765.jpg 1024w, https:\/\/www.sampor.net\/wp-content\/uploads\/2021\/08\/IMG_0309-300x224.jpg 300w, https:\/\/www.sampor.net\/wp-content\/uploads\/2021\/08\/IMG_0309-768x574.jpg 768w, https:\/\/www.sampor.net\/wp-content\/uploads\/2021\/08\/IMG_0309-1536x1147.jpg 1536w, https:\/\/www.sampor.net\/wp-content\/uploads\/2021\/08\/IMG_0309-2048x1530.jpg 2048w\" sizes=\"auto, (max-width: 1024px) 100vw, 1024px\" \/><\/a><figcaption>Dru\u017estvo<\/figcaption><\/figure>\n\n\n\n<figure class=\"wp-block-image size-large\"><a href=\"https:\/\/www.sampor.net\/wp-content\/uploads\/2021\/08\/IMG_0405-scaled.jpg\" data-rel=\"lightbox-image-7\" data-rl_title=\"\" data-rl_caption=\"\" title=\"\"><img loading=\"lazy\" decoding=\"async\" width=\"765\" height=\"1024\" data-id=\"685\" src=\"https:\/\/www.sampor.net\/wp-content\/uploads\/2021\/08\/IMG_0405-765x1024.jpg\" alt=\"\" class=\"wp-image-685\" srcset=\"https:\/\/www.sampor.net\/wp-content\/uploads\/2021\/08\/IMG_0405-765x1024.jpg 765w, https:\/\/www.sampor.net\/wp-content\/uploads\/2021\/08\/IMG_0405-224x300.jpg 224w, https:\/\/www.sampor.net\/wp-content\/uploads\/2021\/08\/IMG_0405-768x1028.jpg 768w, https:\/\/www.sampor.net\/wp-content\/uploads\/2021\/08\/IMG_0405-1147x1536.jpg 1147w, https:\/\/www.sampor.net\/wp-content\/uploads\/2021\/08\/IMG_0405-1530x2048.jpg 1530w, https:\/\/www.sampor.net\/wp-content\/uploads\/2021\/08\/IMG_0405-scaled.jpg 1912w\" sizes=\"auto, (max-width: 765px) 100vw, 765px\" \/><\/a><figcaption>Roklina <\/figcaption><\/figure>\n\n\n\n<figure class=\"wp-block-image size-large\"><a href=\"https:\/\/www.sampor.net\/wp-content\/uploads\/2021\/05\/IMG_0381-scaled.jpg\" data-rel=\"lightbox-image-8\" data-rl_title=\"\" data-rl_caption=\"\" title=\"\"><img loading=\"lazy\" decoding=\"async\" width=\"1024\" height=\"765\" data-id=\"21\" src=\"https:\/\/www.sampor.net\/wp-content\/uploads\/2021\/05\/IMG_0381-1024x765.jpg\" alt=\"\" class=\"wp-image-21\" srcset=\"https:\/\/www.sampor.net\/wp-content\/uploads\/2021\/05\/IMG_0381-1024x765.jpg 1024w, https:\/\/www.sampor.net\/wp-content\/uploads\/2021\/05\/IMG_0381-300x224.jpg 300w, https:\/\/www.sampor.net\/wp-content\/uploads\/2021\/05\/IMG_0381-768x574.jpg 768w, https:\/\/www.sampor.net\/wp-content\/uploads\/2021\/05\/IMG_0381-1536x1147.jpg 1536w, https:\/\/www.sampor.net\/wp-content\/uploads\/2021\/05\/IMG_0381-2048x1530.jpg 2048w, https:\/\/www.sampor.net\/wp-content\/uploads\/2021\/05\/IMG_0381-1568x1171.jpg 1568w\" sizes=\"auto, (max-width: 1024px) 100vw, 1024px\" \/><\/a><figcaption>Hlavn\u00fd pr\u00edjazd do dediny<\/figcaption><\/figure>\n\n\n\n<figure class=\"wp-block-image size-large\"><a href=\"https:\/\/www.sampor.net\/wp-content\/uploads\/2021\/08\/DSCF3238-scaled.jpg\" data-rel=\"lightbox-image-9\" data-rl_title=\"\" data-rl_caption=\"\" title=\"\"><img loading=\"lazy\" decoding=\"async\" width=\"1024\" height=\"768\" data-id=\"702\" src=\"https:\/\/www.sampor.net\/wp-content\/uploads\/2021\/08\/DSCF3238-1024x768.jpg\" alt=\"\" class=\"wp-image-702\" srcset=\"https:\/\/www.sampor.net\/wp-content\/uploads\/2021\/08\/DSCF3238-1024x768.jpg 1024w, https:\/\/www.sampor.net\/wp-content\/uploads\/2021\/08\/DSCF3238-300x225.jpg 300w, https:\/\/www.sampor.net\/wp-content\/uploads\/2021\/08\/DSCF3238-768x576.jpg 768w, https:\/\/www.sampor.net\/wp-content\/uploads\/2021\/08\/DSCF3238-1536x1152.jpg 1536w, https:\/\/www.sampor.net\/wp-content\/uploads\/2021\/08\/DSCF3238-2048x1536.jpg 2048w\" sizes=\"auto, (max-width: 1024px) 100vw, 1024px\" \/><\/a><figcaption>Detsk\u00e9 ihrisko<\/figcaption><\/figure>\n\n\n\n<figure class=\"wp-block-image size-large\"><a href=\"https:\/\/www.sampor.net\/wp-content\/uploads\/2021\/08\/IMG_5549-scaled.jpg\" data-rel=\"lightbox-image-10\" data-rl_title=\"\" data-rl_caption=\"\" title=\"\"><img loading=\"lazy\" decoding=\"async\" width=\"1024\" height=\"765\" data-id=\"735\" src=\"https:\/\/www.sampor.net\/wp-content\/uploads\/2021\/08\/IMG_5549-1024x765.jpg\" alt=\"\" class=\"wp-image-735\" srcset=\"https:\/\/www.sampor.net\/wp-content\/uploads\/2021\/08\/IMG_5549-1024x765.jpg 1024w, https:\/\/www.sampor.net\/wp-content\/uploads\/2021\/08\/IMG_5549-300x224.jpg 300w, https:\/\/www.sampor.net\/wp-content\/uploads\/2021\/08\/IMG_5549-768x574.jpg 768w, https:\/\/www.sampor.net\/wp-content\/uploads\/2021\/08\/IMG_5549-1536x1147.jpg 1536w, https:\/\/www.sampor.net\/wp-content\/uploads\/2021\/08\/IMG_5549-2048x1530.jpg 2048w\" sizes=\"auto, (max-width: 1024px) 100vw, 1024px\" \/><\/a><figcaption>Miesto na cintor\u00edne, kde bol kedysi masov\u00fd hrob pre vojakov<\/figcaption><\/figure>\n\n\n\n<figure class=\"wp-block-image size-large\"><a href=\"https:\/\/www.sampor.net\/wp-content\/uploads\/2021\/08\/IMG_0267-scaled.jpg\" data-rel=\"lightbox-image-11\" data-rl_title=\"\" data-rl_caption=\"\" title=\"\"><img loading=\"lazy\" decoding=\"async\" width=\"1024\" height=\"765\" data-id=\"733\" src=\"https:\/\/www.sampor.net\/wp-content\/uploads\/2021\/08\/IMG_0267-1024x765.jpg\" alt=\"\" class=\"wp-image-733\" srcset=\"https:\/\/www.sampor.net\/wp-content\/uploads\/2021\/08\/IMG_0267-1024x765.jpg 1024w, https:\/\/www.sampor.net\/wp-content\/uploads\/2021\/08\/IMG_0267-300x224.jpg 300w, https:\/\/www.sampor.net\/wp-content\/uploads\/2021\/08\/IMG_0267-768x574.jpg 768w, https:\/\/www.sampor.net\/wp-content\/uploads\/2021\/08\/IMG_0267-1536x1147.jpg 1536w, https:\/\/www.sampor.net\/wp-content\/uploads\/2021\/08\/IMG_0267-2048x1530.jpg 2048w\" sizes=\"auto, (max-width: 1024px) 100vw, 1024px\" \/><\/a><figcaption>Na Vicherci &#8211; 462 m .n.m.<\/figcaption><\/figure>\n\n\n\n<figure class=\"wp-block-image size-large\"><a href=\"https:\/\/www.sampor.net\/wp-content\/uploads\/2021\/08\/IMG_0354-scaled.jpg\" data-rel=\"lightbox-image-12\" data-rl_title=\"\" data-rl_caption=\"\" title=\"\"><img loading=\"lazy\" decoding=\"async\" width=\"1024\" height=\"765\" data-id=\"947\" src=\"https:\/\/www.sampor.net\/wp-content\/uploads\/2021\/08\/IMG_0354-1024x765.jpg\" alt=\"\" class=\"wp-image-947\" srcset=\"https:\/\/www.sampor.net\/wp-content\/uploads\/2021\/08\/IMG_0354-1024x765.jpg 1024w, https:\/\/www.sampor.net\/wp-content\/uploads\/2021\/08\/IMG_0354-300x224.jpg 300w, https:\/\/www.sampor.net\/wp-content\/uploads\/2021\/08\/IMG_0354-768x574.jpg 768w, https:\/\/www.sampor.net\/wp-content\/uploads\/2021\/08\/IMG_0354-1536x1147.jpg 1536w, https:\/\/www.sampor.net\/wp-content\/uploads\/2021\/08\/IMG_0354-2048x1530.jpg 2048w\" sizes=\"auto, (max-width: 1024px) 100vw, 1024px\" \/><\/a><\/figure>\n\n\n\n<figure class=\"wp-block-image size-large\"><a href=\"https:\/\/www.sampor.net\/wp-content\/uploads\/2021\/08\/IMG_0345-scaled.jpg\" data-rel=\"lightbox-image-13\" data-rl_title=\"\" data-rl_caption=\"\" title=\"\"><img loading=\"lazy\" decoding=\"async\" width=\"1024\" height=\"765\" data-id=\"948\" src=\"https:\/\/www.sampor.net\/wp-content\/uploads\/2021\/08\/IMG_0345-1024x765.jpg\" alt=\"\" class=\"wp-image-948\" srcset=\"https:\/\/www.sampor.net\/wp-content\/uploads\/2021\/08\/IMG_0345-1024x765.jpg 1024w, https:\/\/www.sampor.net\/wp-content\/uploads\/2021\/08\/IMG_0345-300x224.jpg 300w, https:\/\/www.sampor.net\/wp-content\/uploads\/2021\/08\/IMG_0345-768x574.jpg 768w, https:\/\/www.sampor.net\/wp-content\/uploads\/2021\/08\/IMG_0345-1536x1147.jpg 1536w, https:\/\/www.sampor.net\/wp-content\/uploads\/2021\/08\/IMG_0345-2048x1530.jpg 2048w\" sizes=\"auto, (max-width: 1024px) 100vw, 1024px\" \/><\/a><figcaption>&#8222;N\u00e1mesti\u010dko a zast\u00e1vka MHD&#8220;<\/figcaption><\/figure>\n\n\n\n<figure class=\"wp-block-image size-large\"><a href=\"https:\/\/www.sampor.net\/wp-content\/uploads\/2021\/08\/IMG_0418-scaled.jpg\" data-rel=\"lightbox-image-14\" data-rl_title=\"\" data-rl_caption=\"\" title=\"\"><img loading=\"lazy\" decoding=\"async\" width=\"1024\" height=\"765\" data-id=\"949\" src=\"https:\/\/www.sampor.net\/wp-content\/uploads\/2021\/08\/IMG_0418-1024x765.jpg\" alt=\"\" class=\"wp-image-949\" srcset=\"https:\/\/www.sampor.net\/wp-content\/uploads\/2021\/08\/IMG_0418-1024x765.jpg 1024w, https:\/\/www.sampor.net\/wp-content\/uploads\/2021\/08\/IMG_0418-300x224.jpg 300w, https:\/\/www.sampor.net\/wp-content\/uploads\/2021\/08\/IMG_0418-768x574.jpg 768w, https:\/\/www.sampor.net\/wp-content\/uploads\/2021\/08\/IMG_0418-1536x1147.jpg 1536w, https:\/\/www.sampor.net\/wp-content\/uploads\/2021\/08\/IMG_0418-2048x1530.jpg 2048w\" sizes=\"auto, (max-width: 1024px) 100vw, 1024px\" \/><\/a><\/figure>\n\n\n\n<figure class=\"wp-block-image size-large\"><a href=\"https:\/\/www.sampor.net\/wp-content\/uploads\/2021\/08\/IMG_0410-scaled.jpg\" data-rel=\"lightbox-image-15\" data-rl_title=\"\" data-rl_caption=\"\" title=\"\"><img loading=\"lazy\" decoding=\"async\" width=\"1024\" height=\"765\" data-id=\"950\" src=\"https:\/\/www.sampor.net\/wp-content\/uploads\/2021\/08\/IMG_0410-1024x765.jpg\" alt=\"\" class=\"wp-image-950\" srcset=\"https:\/\/www.sampor.net\/wp-content\/uploads\/2021\/08\/IMG_0410-1024x765.jpg 1024w, https:\/\/www.sampor.net\/wp-content\/uploads\/2021\/08\/IMG_0410-300x224.jpg 300w, https:\/\/www.sampor.net\/wp-content\/uploads\/2021\/08\/IMG_0410-768x574.jpg 768w, https:\/\/www.sampor.net\/wp-content\/uploads\/2021\/08\/IMG_0410-1536x1147.jpg 1536w, https:\/\/www.sampor.net\/wp-content\/uploads\/2021\/08\/IMG_0410-2048x1530.jpg 2048w\" sizes=\"auto, (max-width: 1024px) 100vw, 1024px\" \/><\/a><\/figure>\n\n\n\n<figure class=\"wp-block-image size-large\"><a href=\"https:\/\/www.sampor.net\/wp-content\/uploads\/2021\/08\/IMG_0384-scaled.jpg\" data-rel=\"lightbox-image-16\" data-rl_title=\"\" data-rl_caption=\"\" title=\"\"><img loading=\"lazy\" decoding=\"async\" width=\"1024\" height=\"765\" data-id=\"952\" src=\"https:\/\/www.sampor.net\/wp-content\/uploads\/2021\/08\/IMG_0384-1024x765.jpg\" alt=\"\" class=\"wp-image-952\" srcset=\"https:\/\/www.sampor.net\/wp-content\/uploads\/2021\/08\/IMG_0384-1024x765.jpg 1024w, https:\/\/www.sampor.net\/wp-content\/uploads\/2021\/08\/IMG_0384-300x224.jpg 300w, https:\/\/www.sampor.net\/wp-content\/uploads\/2021\/08\/IMG_0384-768x574.jpg 768w, https:\/\/www.sampor.net\/wp-content\/uploads\/2021\/08\/IMG_0384-1536x1147.jpg 1536w, https:\/\/www.sampor.net\/wp-content\/uploads\/2021\/08\/IMG_0384-2048x1530.jpg 2048w\" sizes=\"auto, (max-width: 1024px) 100vw, 1024px\" \/><\/a><figcaption>samporsk\u00e9 ihrisko<\/figcaption><\/figure>\n\n\n\n<figure class=\"wp-block-image size-large\"><a href=\"https:\/\/www.sampor.net\/wp-content\/uploads\/2021\/08\/RUINY-scaled.jpg\" data-rel=\"lightbox-image-17\" data-rl_title=\"\" data-rl_caption=\"\" title=\"\"><img loading=\"lazy\" decoding=\"async\" width=\"1024\" height=\"765\" data-id=\"954\" src=\"https:\/\/www.sampor.net\/wp-content\/uploads\/2021\/08\/RUINY-1024x765.jpg\" alt=\"\" class=\"wp-image-954\" srcset=\"https:\/\/www.sampor.net\/wp-content\/uploads\/2021\/08\/RUINY-1024x765.jpg 1024w, https:\/\/www.sampor.net\/wp-content\/uploads\/2021\/08\/RUINY-300x224.jpg 300w, https:\/\/www.sampor.net\/wp-content\/uploads\/2021\/08\/RUINY-768x574.jpg 768w, https:\/\/www.sampor.net\/wp-content\/uploads\/2021\/08\/RUINY-1536x1147.jpg 1536w, https:\/\/www.sampor.net\/wp-content\/uploads\/2021\/08\/RUINY-2048x1530.jpg 2048w\" sizes=\"auto, (max-width: 1024px) 100vw, 1024px\" \/><\/a><\/figure>\n\n\n\n<figure class=\"wp-block-image size-large\"><a href=\"https:\/\/www.sampor.net\/wp-content\/uploads\/2021\/08\/IMG_0373-scaled.jpg\" data-rel=\"lightbox-image-18\" data-rl_title=\"\" data-rl_caption=\"\" title=\"\"><img loading=\"lazy\" decoding=\"async\" width=\"1024\" height=\"765\" data-id=\"955\" src=\"https:\/\/www.sampor.net\/wp-content\/uploads\/2021\/08\/IMG_0373-1024x765.jpg\" alt=\"\" class=\"wp-image-955\" srcset=\"https:\/\/www.sampor.net\/wp-content\/uploads\/2021\/08\/IMG_0373-1024x765.jpg 1024w, https:\/\/www.sampor.net\/wp-content\/uploads\/2021\/08\/IMG_0373-300x224.jpg 300w, https:\/\/www.sampor.net\/wp-content\/uploads\/2021\/08\/IMG_0373-768x574.jpg 768w, https:\/\/www.sampor.net\/wp-content\/uploads\/2021\/08\/IMG_0373-1536x1147.jpg 1536w, https:\/\/www.sampor.net\/wp-content\/uploads\/2021\/08\/IMG_0373-2048x1530.jpg 2048w\" sizes=\"auto, (max-width: 1024px) 100vw, 1024px\" \/><\/a><\/figure>\n\n\n\n<figure class=\"wp-block-image size-large\"><a href=\"https:\/\/www.sampor.net\/wp-content\/uploads\/2021\/08\/Cesta_do_dediny-scaled.jpg\" data-rel=\"lightbox-image-19\" data-rl_title=\"\" data-rl_caption=\"\" title=\"\"><img loading=\"lazy\" decoding=\"async\" width=\"1024\" height=\"765\" data-id=\"979\" src=\"https:\/\/www.sampor.net\/wp-content\/uploads\/2021\/08\/Cesta_do_dediny-1024x765.jpg\" alt=\"\" class=\"wp-image-979\" srcset=\"https:\/\/www.sampor.net\/wp-content\/uploads\/2021\/08\/Cesta_do_dediny-1024x765.jpg 1024w, https:\/\/www.sampor.net\/wp-content\/uploads\/2021\/08\/Cesta_do_dediny-300x224.jpg 300w, https:\/\/www.sampor.net\/wp-content\/uploads\/2021\/08\/Cesta_do_dediny-768x574.jpg 768w, https:\/\/www.sampor.net\/wp-content\/uploads\/2021\/08\/Cesta_do_dediny-1536x1147.jpg 1536w, https:\/\/www.sampor.net\/wp-content\/uploads\/2021\/08\/Cesta_do_dediny-2048x1530.jpg 2048w\" sizes=\"auto, (max-width: 1024px) 100vw, 1024px\" \/><\/a><figcaption>Cesta do dediny<\/figcaption><\/figure>\n\n\n\n<figure class=\"wp-block-image size-large\"><a href=\"https:\/\/www.sampor.net\/wp-content\/uploads\/2022\/09\/IMG_1481-scaled.jpg\" data-rel=\"lightbox-image-20\" data-rl_title=\"\" data-rl_caption=\"\" title=\"\"><img loading=\"lazy\" decoding=\"async\" width=\"1024\" height=\"765\" data-id=\"1637\" src=\"https:\/\/www.sampor.net\/wp-content\/uploads\/2022\/09\/IMG_1481-1024x765.jpg\" alt=\"\" class=\"wp-image-1637\" srcset=\"https:\/\/www.sampor.net\/wp-content\/uploads\/2022\/09\/IMG_1481-1024x765.jpg 1024w, https:\/\/www.sampor.net\/wp-content\/uploads\/2022\/09\/IMG_1481-300x224.jpg 300w, https:\/\/www.sampor.net\/wp-content\/uploads\/2022\/09\/IMG_1481-768x574.jpg 768w, https:\/\/www.sampor.net\/wp-content\/uploads\/2022\/09\/IMG_1481-1536x1147.jpg 1536w, https:\/\/www.sampor.net\/wp-content\/uploads\/2022\/09\/IMG_1481-2048x1530.jpg 2048w\" sizes=\"auto, (max-width: 1024px) 100vw, 1024px\" \/><\/a><\/figure>\n\n\n\n<figure class=\"wp-block-image size-large\"><a href=\"https:\/\/www.sampor.net\/wp-content\/uploads\/2022\/09\/IMG_1483-scaled.jpg\" data-rel=\"lightbox-image-21\" data-rl_title=\"\" data-rl_caption=\"\" title=\"\"><img loading=\"lazy\" decoding=\"async\" width=\"1024\" height=\"765\" data-id=\"1635\" src=\"https:\/\/www.sampor.net\/wp-content\/uploads\/2022\/09\/IMG_1483-1024x765.jpg\" alt=\"\" class=\"wp-image-1635\" srcset=\"https:\/\/www.sampor.net\/wp-content\/uploads\/2022\/09\/IMG_1483-1024x765.jpg 1024w, https:\/\/www.sampor.net\/wp-content\/uploads\/2022\/09\/IMG_1483-300x224.jpg 300w, https:\/\/www.sampor.net\/wp-content\/uploads\/2022\/09\/IMG_1483-768x574.jpg 768w, https:\/\/www.sampor.net\/wp-content\/uploads\/2022\/09\/IMG_1483-1536x1147.jpg 1536w, https:\/\/www.sampor.net\/wp-content\/uploads\/2022\/09\/IMG_1483-2048x1530.jpg 2048w\" sizes=\"auto, (max-width: 1024px) 100vw, 1024px\" \/><\/a><\/figure>\n\n\n\n<figure class=\"wp-block-image size-large\"><a href=\"https:\/\/www.sampor.net\/wp-content\/uploads\/2022\/09\/IMG_1478-scaled.jpg\" data-rel=\"lightbox-image-22\" data-rl_title=\"\" data-rl_caption=\"\" title=\"\"><img loading=\"lazy\" decoding=\"async\" width=\"1024\" height=\"765\" data-id=\"1636\" src=\"https:\/\/www.sampor.net\/wp-content\/uploads\/2022\/09\/IMG_1478-1024x765.jpg\" alt=\"\" class=\"wp-image-1636\" srcset=\"https:\/\/www.sampor.net\/wp-content\/uploads\/2022\/09\/IMG_1478-1024x765.jpg 1024w, https:\/\/www.sampor.net\/wp-content\/uploads\/2022\/09\/IMG_1478-300x224.jpg 300w, https:\/\/www.sampor.net\/wp-content\/uploads\/2022\/09\/IMG_1478-768x574.jpg 768w, https:\/\/www.sampor.net\/wp-content\/uploads\/2022\/09\/IMG_1478-1536x1147.jpg 1536w, https:\/\/www.sampor.net\/wp-content\/uploads\/2022\/09\/IMG_1478-2048x1530.jpg 2048w\" sizes=\"auto, (max-width: 1024px) 100vw, 1024px\" \/><\/a><\/figure>\n\n\n\n<figure class=\"wp-block-image size-large\"><a href=\"https:\/\/www.sampor.net\/wp-content\/uploads\/2022\/09\/IMG_1480-scaled.jpg\" data-rel=\"lightbox-image-23\" data-rl_title=\"\" data-rl_caption=\"\" title=\"\"><img loading=\"lazy\" decoding=\"async\" width=\"1024\" height=\"765\" data-id=\"1638\" src=\"https:\/\/www.sampor.net\/wp-content\/uploads\/2022\/09\/IMG_1480-1024x765.jpg\" alt=\"\" class=\"wp-image-1638\" srcset=\"https:\/\/www.sampor.net\/wp-content\/uploads\/2022\/09\/IMG_1480-1024x765.jpg 1024w, https:\/\/www.sampor.net\/wp-content\/uploads\/2022\/09\/IMG_1480-300x224.jpg 300w, https:\/\/www.sampor.net\/wp-content\/uploads\/2022\/09\/IMG_1480-768x574.jpg 768w, https:\/\/www.sampor.net\/wp-content\/uploads\/2022\/09\/IMG_1480-1536x1147.jpg 1536w, https:\/\/www.sampor.net\/wp-content\/uploads\/2022\/09\/IMG_1480-2048x1530.jpg 2048w\" sizes=\"auto, (max-width: 1024px) 100vw, 1024px\" \/><\/a><\/figure>\n\n\n\n<figure class=\"wp-block-image size-large\"><a href=\"https:\/\/www.sampor.net\/wp-content\/uploads\/2022\/09\/IMG_1479-scaled.jpg\" data-rel=\"lightbox-image-24\" data-rl_title=\"\" data-rl_caption=\"\" title=\"\"><img loading=\"lazy\" decoding=\"async\" width=\"1024\" height=\"765\" data-id=\"1634\" src=\"https:\/\/www.sampor.net\/wp-content\/uploads\/2022\/09\/IMG_1479-1024x765.jpg\" alt=\"\" class=\"wp-image-1634\" srcset=\"https:\/\/www.sampor.net\/wp-content\/uploads\/2022\/09\/IMG_1479-1024x765.jpg 1024w, https:\/\/www.sampor.net\/wp-content\/uploads\/2022\/09\/IMG_1479-300x224.jpg 300w, https:\/\/www.sampor.net\/wp-content\/uploads\/2022\/09\/IMG_1479-768x574.jpg 768w, https:\/\/www.sampor.net\/wp-content\/uploads\/2022\/09\/IMG_1479-1536x1147.jpg 1536w, https:\/\/www.sampor.net\/wp-content\/uploads\/2022\/09\/IMG_1479-2048x1530.jpg 2048w\" sizes=\"auto, (max-width: 1024px) 100vw, 1024px\" \/><\/a><\/figure>\n<\/figure>\n\n\n\n<figure class=\"wp-block-gallery has-nested-images columns-default is-cropped wp-block-gallery-2 is-layout-flex wp-block-gallery-is-layout-flex\"><\/figure>\n","protected":false},"excerpt":{"rendered":"","protected":false},"author":2,"featured_media":0,"parent":109,"menu_order":0,"comment_status":"closed","ping_status":"closed","template":"template-full.php","meta":{"footnotes":""},"class_list":["post-718","page","type-page","status-publish","hentry"],"_links":{"self":[{"href":"https:\/\/www.sampor.net\/index.php\/wp-json\/wp\/v2\/pages\/718","targetHints":{"allow":["GET"]}}],"collection":[{"href":"https:\/\/www.sampor.net\/index.php\/wp-json\/wp\/v2\/pages"}],"about":[{"href":"https:\/\/www.sampor.net\/index.php\/wp-json\/wp\/v2\/types\/page"}],"author":[{"embeddable":true,"href":"https:\/\/www.sampor.net\/index.php\/wp-json\/wp\/v2\/users\/2"}],"replies":[{"embeddable":true,"href":"https:\/\/www.sampor.net\/index.php\/wp-json\/wp\/v2\/comments?post=718"}],"version-history":[{"count":17,"href":"https:\/\/www.sampor.net\/index.php\/wp-json\/wp\/v2\/pages\/718\/revisions"}],"predecessor-version":[{"id":1959,"href":"https:\/\/www.sampor.net\/index.php\/wp-json\/wp\/v2\/pages\/718\/revisions\/1959"}],"up":[{"embeddable":true,"href":"https:\/\/www.sampor.net\/index.php\/wp-json\/wp\/v2\/pages\/109"}],"wp:attachment":[{"href":"https:\/\/www.sampor.net\/index.php\/wp-json\/wp\/v2\/media?parent=718"}],"curies":[{"name":"wp","href":"https:\/\/api.w.org\/{rel}","templated":true}]}}