{"id":451,"date":"2021-08-05T15:59:18","date_gmt":"2021-08-05T13:59:18","guid":{"rendered":"https:\/\/www.sampor.net\/?page_id=451"},"modified":"2024-07-03T08:53:30","modified_gmt":"2024-07-03T06:53:30","slug":"uvod","status":"publish","type":"page","link":"https:\/\/www.sampor.net\/","title":{"rendered":"Vitajte!"},"content":{"rendered":"\n<p class=\"has-background has-normal-font-size\" style=\"background-color:#bed5de\">Vitajte na neofici\u00e1lnej webovej str\u00e1nke obce Sampor, ktor\u00e1 je v\u00f4bec jedin\u00e1 str\u00e1nka o obci Sampor. Mnoh\u00ed, ktor\u00ed po prv\u00fdkr\u00e1t po\u010duj\u00fa &#8222;Sampor&#8220; nemaj\u00fa tu\u0161enia, kde by sa mohla nach\u00e1dza\u0165 t\u00e1to mali\u010dk\u00e1 dedinka s pribli\u017ene 120 obyvate\u013emi. Niektor\u00fdm znie n\u00e1zov obce cudzokrajne, preto ani nepredpokladaj\u00fa, \u017eeby t\u00e1to dedinka mohla le\u017ea\u0165 len hodinu autom od geografick\u00e9ho stredu Slovenska. Nako\u013eko o Sampore je m\u00e1lo inform\u00e1ci\u00ed na internete alebo v publik\u00e1ci\u00e1ch, rozhodli sme sa zalo\u017ei\u0165 str\u00e1nku, aby sme tak zados\u0165u\u010dinili deficitu inform\u00e1ci\u00ed o tejto na\u0161ej dedinke.<\/p>\n\n\n\n<p class=\"has-background\" style=\"background-color:#bed5de\">T\u00e1to webov\u00e1 str\u00e1nka je venovan\u00e1 rod\u00e1kom Sampor\u010danom, pris\u0165ahovalcov do Sampora, samporsk\u00fdm chalup\u00e1rom, n\u00e1v\u0161tevn\u00edkom, p\u00fatnikom, turistom a v\u0161etk\u00fdm, ktor\u00ed maj\u00fa z\u00e1ujem spozna\u0165 \u010falek\u00fa i bl\u00edzku hist\u00f3riu tejto mali\u010dkej dedinky v \u00fadol\u00ed vzniknutej za\u010diatkom 14. storo\u010dia.<\/p>\n\n\n\n<p class=\"has-background\" style=\"background-color:#bed5de\">Obec Sampor vznikla na obchodnej ceste medzi v\u00edg\u013ea\u0161sk\u00fdm panstvom a Banskou Bystricou. Cez dedinu viedla po\u0161tov\u00e1 cesta. Tu mali aj oddychov\u00fa stanicu kone s povozmi. Dedinka le\u017e\u00ed vo Zvolenskej kotline v 348&nbsp;m&nbsp;n.&nbsp;m., Sampor-r\u00e1zcestie je vo v\u00fd\u0161ke 335&nbsp;m&nbsp;n.&nbsp;m. Najvy\u0161\u0161\u00ed vrch je Samporsk\u00fd vrch (480 m n.m.), druh\u00fd ve\u013ek\u00fd kopec, ktor\u00fd sa t\u00fd\u010di nad dedinou je Vicherec (460 m n.m.). Skryt\u00fdm unik\u00e1tom dedinky je 5 metrov vysok\u00fd vodop\u00e1d, ktor\u00fd sa nach\u00e1dza v 150 m dlhej rokline. Cez dedinu te\u010die Samporsk\u00fd potok, ktor\u00fd sa vlieva do Lukavick\u00e9ho potoka. V obci dodnes funguje dru\u017estvo, ktor\u00e9 je v s\u00fakromnom vlastn\u00edctve. Okrem dru\u017estva m\u00e1me aj sala\u0161. Na za\u010diatku dediny m\u00e1me evanjelick\u00fa modliteb\u0148u (od r. 1993) v b\u00fdvalej n\u00e1rodnej \u0161kole a na konci dediny za cintor\u00ednom nov\u00fd mn\u00ed\u0161sky benedikt\u00ednsky kl\u00e1\u0161tor (zal. 2010). Na cintor\u00edne je mal\u00e1 ruina kostol\u00edka sv. Michala archanjela zo 14. storo\u010dia. Obec Sampor od roku 1979 je administrat\u00edvnou s\u00fa\u010das\u0165ou mesta Slia\u010d, aj ke\u010f le\u017e\u00ed 5&nbsp;km na severov\u00fdchod od mesta Slia\u010d.  <\/p>\n\n\n\n<p class=\"has-background\" style=\"background-color:#bed5de\">Do Zvolena m\u00e1me 13 km a do Banskej Bystrice 17,5 km. Pe\u0161obusom zo Sampora do slia\u010dsk\u00fdch k\u00fape\u013eov to m\u00e1me v pohode za 90 min. Do Zolnej, ku gotick\u00e9mu kostolu sv. Mat\u00fa\u0161a z 13. storo\u010dia (dodnes sl\u00fa\u017eiaci) to m\u00e1me za hodinku a do najbli\u017e\u0161ej susednej dediny, ktorou je Lukavica, pr\u00eddeme za 15 min.<\/p>\n\n\n\n<p class=\"has-background\" style=\"background-color:#bed5de\">Cez dedinku Sampor vedie trasa Barborskej cesty, strednej slovenskej Jakubskej cesty a dve turistick\u00e9 trasy Zvolen \u2013 Bansk\u00e1 Bystrica a Slia\u010d \u2013 Sedlo Jasenov\u00e1.<\/p>\n\n\n\n<div class=\"wp-block-group has-medium-font-size\"><div class=\"wp-block-group__inner-container is-layout-constrained wp-block-group-is-layout-constrained\">\n<iframe src=\"https:\/\/www.google.com\/maps\/embed?pb=!1m18!1m12!1m3!1d10547.822503154224!2d19.190500870972784!3d48.62983119083004!2m3!1f0!2f0!3f0!3m2!1i1024!2i768!4f13.1!3m3!1m2!1s0x471538a14f46ff03%3A0x8ec794f356b4f201!2sSampor%2C%20962%2031%20Slia%C4%8D-Sampor!5e0!3m2!1ssk!2ssk!4v1684835362289!5m2!1ssk!2ssk\" width=\"600\" height=\"450\" style=\"border:0;\" allowfullscreen=\"\" loading=\"lazy\" referrerpolicy=\"no-referrer-when-downgrade\"><\/iframe>\n<\/div><\/div>\n\n\n\n<figure class=\"wp-block-embed is-type-video is-provider-youtube wp-block-embed-youtube wp-embed-aspect-16-9 wp-has-aspect-ratio\"><div class=\"wp-block-embed__wrapper\">\n<iframe loading=\"lazy\" title=\"Sima Magu\u0161inov\u00e1 - SONETY (official lyric video)\" width=\"640\" height=\"360\" src=\"https:\/\/www.youtube.com\/embed\/P548c1EQyoE?feature=oembed\" frameborder=\"0\" allow=\"accelerometer; autoplay; clipboard-write; encrypted-media; gyroscope; picture-in-picture; web-share\" referrerpolicy=\"strict-origin-when-cross-origin\" allowfullscreen><\/iframe>\n<\/div><figcaption class=\"wp-element-caption\">Videoklip nato\u010den\u00fd v Sampore &#8211; Sima Magu\u0161inov\u00e1 &#8211; Sonety (2021)<\/figcaption><\/figure>\n\n\n\n<p class=\"has-text-align-center\">Mapa<a rel=\"noreferrer noopener\" href=\"https:\/\/maps.hungaricana.hu\/en\/MOLTerkeptar\/38419\/view\/?bbox=-2501%2C-5708%2C10414%2C-106\" target=\"_blank\"> samporsk\u00e9ho chot\u00e1ra <\/a>z roku 1784<\/p>\n\n\n\n<figure class=\"wp-block-embed is-type-video is-provider-youtube wp-block-embed-youtube wp-embed-aspect-4-3 wp-has-aspect-ratio\"><div class=\"wp-block-embed__wrapper\">\n<iframe loading=\"lazy\" title=\"S\u013euk - Kde\u017ee si ty b\u00fdvavau Jani\u010dok, Sampor, Lukavica\" width=\"640\" height=\"480\" src=\"https:\/\/www.youtube.com\/embed\/ZZae1WBJbko?list=PLIp8e66RJrrJwbSz9Vdhu5azr1XikmQpU\" frameborder=\"0\" allow=\"accelerometer; autoplay; clipboard-write; encrypted-media; gyroscope; picture-in-picture; web-share\" referrerpolicy=\"strict-origin-when-cross-origin\" allowfullscreen><\/iframe>\n<\/div><figcaption class=\"wp-element-caption\">\u013dudov\u00e1 piese\u0148 Sampor &#8211; Lukavica (od 1:45 min)<\/figcaption><\/figure>\n\n\n\n<p class=\"has-text-align-center has-light-green-cyan-color has-text-color has-link-color wp-elements-12b1c7f21533052d510c6ad05c1ed8a6\"><a href=\"https:\/\/hudba.zoznam.sk\/akordy\/piesen\/sampor-lukavica\/\" data-type=\"link\" data-id=\"https:\/\/hudba.zoznam.sk\/akordy\/piesen\/sampor-lukavica\/\" target=\"_blank\" rel=\"noreferrer noopener\">Text \u013eudovej piesne Sampor &#8211; Lukavica<\/a><\/p>\n\n\n\n<figure class=\"wp-block-embed is-type-video is-provider-youtube wp-block-embed-youtube wp-embed-aspect-16-9 wp-has-aspect-ratio\"><div class=\"wp-block-embed__wrapper\">\n<iframe loading=\"lazy\" title=\"Sampor -Benedikt\u00ednsky Kl\u00e1\u0161tor Premenenia P\u00e1na  !4K!\" width=\"640\" height=\"360\" src=\"https:\/\/www.youtube.com\/embed\/gdmIy_jT8cs?feature=oembed\" frameborder=\"0\" allow=\"accelerometer; autoplay; clipboard-write; encrypted-media; gyroscope; picture-in-picture; web-share\" referrerpolicy=\"strict-origin-when-cross-origin\" allowfullscreen><\/iframe>\n<\/div><figcaption class=\"wp-element-caption\">autor: Martin Krn\u00e1\u010d, kl\u00e1\u0161tor a dedina <em>z vt\u00e1\u010dej perspekt\u00edvy<\/em>.<\/figcaption><\/figure>\n","protected":false},"excerpt":{"rendered":"<p>Vitajte na neofici\u00e1lnej webovej str\u00e1nke obce Sampor, ktor\u00e1 je v\u00f4bec jedin\u00e1 str\u00e1nka o obci Sampor. Mnoh\u00ed, ktor\u00ed po prv\u00fdkr\u00e1t po\u010duj\u00fa &#8222;Sampor&#8220; nemaj\u00fa tu\u0161enia, kde by sa mohla nach\u00e1dza\u0165 t\u00e1to mali\u010dk\u00e1 dedinka s pribli\u017ene 120 obyvate\u013emi. Niektor\u00fdm znie n\u00e1zov &hellip; <\/p>\n<div class=\"more-link-wrapper\"><a href=\"https:\/\/www.sampor.net\/\" class=\"more-link\">Continue reading<span class=\"screen-reader-text\"> &#8222;Vitajte!&#8220;<\/span><\/a><\/div>\n","protected":false},"author":2,"featured_media":0,"parent":0,"menu_order":1,"comment_status":"closed","ping_status":"closed","template":"template-full.php","meta":{"footnotes":""},"class_list":["post-451","page","type-page","status-publish","hentry"],"_links":{"self":[{"href":"https:\/\/www.sampor.net\/index.php\/wp-json\/wp\/v2\/pages\/451","targetHints":{"allow":["GET"]}}],"collection":[{"href":"https:\/\/www.sampor.net\/index.php\/wp-json\/wp\/v2\/pages"}],"about":[{"href":"https:\/\/www.sampor.net\/index.php\/wp-json\/wp\/v2\/types\/page"}],"author":[{"embeddable":true,"href":"https:\/\/www.sampor.net\/index.php\/wp-json\/wp\/v2\/users\/2"}],"replies":[{"embeddable":true,"href":"https:\/\/www.sampor.net\/index.php\/wp-json\/wp\/v2\/comments?post=451"}],"version-history":[{"count":73,"href":"https:\/\/www.sampor.net\/index.php\/wp-json\/wp\/v2\/pages\/451\/revisions"}],"predecessor-version":[{"id":2017,"href":"https:\/\/www.sampor.net\/index.php\/wp-json\/wp\/v2\/pages\/451\/revisions\/2017"}],"wp:attachment":[{"href":"https:\/\/www.sampor.net\/index.php\/wp-json\/wp\/v2\/media?parent=451"}],"curies":[{"name":"wp","href":"https:\/\/api.w.org\/{rel}","templated":true}]}}