{"id":373,"date":"2021-05-26T16:48:15","date_gmt":"2021-05-26T14:48:15","guid":{"rendered":"https:\/\/www.sampor.net\/?page_id=373"},"modified":"2021-10-29T15:35:04","modified_gmt":"2021-10-29T13:35:04","slug":"vojaci-a-snp","status":"publish","type":"page","link":"https:\/\/www.sampor.net\/index.php\/vojaci-a-snp\/","title":{"rendered":"SNP v Sampore"},"content":{"rendered":"\n<p class=\"has-drop-cap has-black-color has-white-background-color has-text-color has-background\">Predpoludn\u00edm&nbsp;14. marca&nbsp;1945&nbsp;jednotky plk. Calaja a Obu\u0161enka, spolu s jednotkami mjr. Maximova a Tokareva oslobodili&nbsp;Zvolen. Potom nastal urputn\u00fd boj o okolit\u00e9 dediny okresn\u00e9ho mesta smerom na sever a na z\u00e1pad. Tento z\u00e1pas trval p\u00e4\u0165 dn\u00ed. 19. marca&nbsp;1945&nbsp;o piatej hodine nastal medzi H\u00e1jnikmi a Ryb\u00e1rmi siln\u00fd otras. To Nemcami podm\u00ednovan\u00fd most, sp\u00e1jaj\u00faci tieto dve obce, vyletel do vzduchu. Nemeck\u00e9 vojsko, utekaj\u00fac pred oslobodzovac\u00edmi vojskami, sa plazilo cez dvory a z\u00e1hrady smerom na&nbsp;Ve\u013ek\u00fa L\u00faku, kde sa presunulo \u0165a\u017eisko bojov. V ten ist\u00fd de\u0148 sa objavili prv\u00ed sovietski vojaci na pravom brehu&nbsp;Hrona, ktor\u00ed obsadzovali H\u00e1jniky a prv\u00ed rumunsk\u00ed vojaci od&nbsp;Borovej hory, ktor\u00ed postupne obsadili Ryb\u00e1re a&nbsp;slia\u010dsk\u00e9 k\u00fapele.&nbsp;23. marca prich\u00e1dza do Slia\u010da mjr. Jerzenevi\u010d so svojimi automat\u010d\u00edkmi. Obyvate\u013estvo H\u00e1jnik a Ryb\u00e1r ho vrele v\u00edta. Po osloboden\u00ed&nbsp;Zvolena&nbsp;za\u010dali vojaci 50. a 51. streleck\u00e9ho zboru&nbsp;\u010cervenej arm\u00e1dy&nbsp;s\u00fastreden\u00fd \u00fatok na sever k&nbsp;Banskej Bystrici. \u00dapornos\u0165 bojov v p\u00e1smach obrany nepriate\u013ea dovo\u013eovala \u00fato\u010diacim za 6 dn\u00ed post\u00fapi\u0165 iba do h\u013abky 6 km.<em><strong> <\/strong><\/em><\/p>\n\n\n\n<p class=\"has-drop-cap has-black-color has-white-background-color has-text-color has-background\">Po\u010das 2. svetovej vojny (hlavne v 1944-1945) na vrchu Vicherec boli rusk\u00fdmi vojakmi vykopan\u00e9 z\u00e1kopy \u2013 \u201ehniezda\u201c. Pri vyst\u00fapen\u00ed na vrchol kopca n\u00e1jdeme 12 dier (niekde u\u017e len mal\u00e9 priehlbiny do zeme), kde kedysi boli rusk\u00e9 z\u00e1kopy. <\/p>\n\n\n\n<div class=\"wp-block-columns has-white-background-color has-background is-layout-flex wp-container-core-columns-is-layout-9d6595d7 wp-block-columns-is-layout-flex\">\n<div class=\"wp-block-column is-layout-flow wp-block-column-is-layout-flow\">\n<div class=\"wp-block-media-text alignwide has-media-on-the-right is-stacked-on-mobile\"><figure class=\"wp-block-media-text__media\"><img loading=\"lazy\" decoding=\"async\" width=\"1024\" height=\"765\" src=\"https:\/\/www.sampor.net\/wp-content\/uploads\/2021\/05\/IMG_1585-1024x765.jpg\" alt=\"\" class=\"wp-image-383 size-full\" srcset=\"https:\/\/www.sampor.net\/wp-content\/uploads\/2021\/05\/IMG_1585-1024x765.jpg 1024w, https:\/\/www.sampor.net\/wp-content\/uploads\/2021\/05\/IMG_1585-300x224.jpg 300w, https:\/\/www.sampor.net\/wp-content\/uploads\/2021\/05\/IMG_1585-768x574.jpg 768w, https:\/\/www.sampor.net\/wp-content\/uploads\/2021\/05\/IMG_1585-1536x1147.jpg 1536w, https:\/\/www.sampor.net\/wp-content\/uploads\/2021\/05\/IMG_1585-2048x1530.jpg 2048w\" sizes=\"auto, (max-width: 1024px) 100vw, 1024px\" \/><\/figure><div class=\"wp-block-media-text__content\">\n<p class=\"has-drop-cap has-black-color has-white-background-color has-text-color has-background\" style=\"font-size:15px\"><span class=\"has-inline-color has-black-color\">Po polhodinovej delostreleckej pr\u00edprave\u00a019. marca\u00a01945\u00a0(medzi 10. a 12. hodinou) vojaci 232. streleckej div\u00edzie plk. Calaja, v s\u00fa\u010dinnosti s 8. rumunskou motostreleckou div\u00edziou gen. Ch. Fortunesca, vyhnali Nemcov zo Sampora.<a href=\"https:\/\/www.sampor.net\/index.php\/vojaci-a-snp\/#sdfootnote1sym\"><sup>1<\/sup><\/a> <\/span><\/p>\n<\/div><\/div>\n\n\n\n<p style=\"text-align: right;\"><span style=\"color: #000000;\">Spolo\u010dn\u00fd hrob sovietsk\u00fdch vojakov na vojenskom cintor\u00edne vo Zvolene,&nbsp; kde s\u00fa pochovan\u00fd aj vojaci bojuj\u00faci v samporskom chot\u00e1ri.<br><\/span><\/p>\n<\/div>\n<\/div>\n\n\n\n<p class=\"has-small-font-size\">Zdroje:<\/p>\n\n\n\n<p class=\"has-small-font-size\">Slia\u010d dnes.sk Slia\u010dsk\u00e9 online noviny. http:\/\/www.sliacdnes.sk\/category\/historia\/page\/3\/ (17.8.2021)<\/p>\n\n\n\n<p class=\"has-small-font-size\">Oslobodeneck\u00e9 vojska pri\u0161ili zo smeru od dediny Zoln\u00e1, ktor\u00fa oslobodili 15. marca 1945 HALAJ, J\u00e1n. Povstaleck\u00e1 obec Zoln\u00e1 \u010das\u0165 Zvolena. Bratislava. Odkaz. 1994. s. 93.<\/p>\n","protected":false},"excerpt":{"rendered":"<p>Predpoludn\u00edm&nbsp;14. marca&nbsp;1945&nbsp;jednotky plk. Calaja a Obu\u0161enka, spolu s jednotkami mjr. Maximova a Tokareva oslobodili&nbsp;Zvolen. Potom nastal urputn\u00fd boj o okolit\u00e9 dediny okresn\u00e9ho mesta smerom na sever a na z\u00e1pad. Tento z\u00e1pas trval p\u00e4\u0165 dn\u00ed. 19. marca&nbsp;1945&nbsp;o piatej hodine &hellip; <\/p>\n<div class=\"more-link-wrapper\"><a href=\"https:\/\/www.sampor.net\/index.php\/vojaci-a-snp\/\" class=\"more-link\">Continue reading<span class=\"screen-reader-text\"> &#8222;SNP v Sampore&#8220;<\/span><\/a><\/div>\n","protected":false},"author":2,"featured_media":0,"parent":0,"menu_order":8,"comment_status":"closed","ping_status":"closed","template":"template-full.php","meta":{"footnotes":""},"class_list":["post-373","page","type-page","status-publish","hentry"],"_links":{"self":[{"href":"https:\/\/www.sampor.net\/index.php\/wp-json\/wp\/v2\/pages\/373","targetHints":{"allow":["GET"]}}],"collection":[{"href":"https:\/\/www.sampor.net\/index.php\/wp-json\/wp\/v2\/pages"}],"about":[{"href":"https:\/\/www.sampor.net\/index.php\/wp-json\/wp\/v2\/types\/page"}],"author":[{"embeddable":true,"href":"https:\/\/www.sampor.net\/index.php\/wp-json\/wp\/v2\/users\/2"}],"replies":[{"embeddable":true,"href":"https:\/\/www.sampor.net\/index.php\/wp-json\/wp\/v2\/comments?post=373"}],"version-history":[{"count":52,"href":"https:\/\/www.sampor.net\/index.php\/wp-json\/wp\/v2\/pages\/373\/revisions"}],"predecessor-version":[{"id":1479,"href":"https:\/\/www.sampor.net\/index.php\/wp-json\/wp\/v2\/pages\/373\/revisions\/1479"}],"wp:attachment":[{"href":"https:\/\/www.sampor.net\/index.php\/wp-json\/wp\/v2\/media?parent=373"}],"curies":[{"name":"wp","href":"https:\/\/api.w.org\/{rel}","templated":true}]}}