{"id":32,"date":"2021-05-04T16:20:28","date_gmt":"2021-05-04T14:20:28","guid":{"rendered":"https:\/\/www.sampor.net\/?page_id=32"},"modified":"2025-07-08T11:07:38","modified_gmt":"2025-07-08T09:07:38","slug":"chronologia-dolezitych-datumov","status":"publish","type":"page","link":"https:\/\/www.sampor.net\/index.php\/chronologia-dolezitych-datumov\/","title":{"rendered":"Chronol\u00f3gia d\u00f4le\u017eit\u00fdch udalost\u00ed"},"content":{"rendered":"\n<figure class=\"wp-block-table\"><table class=\"has-black-color has-pale-ocean-gradient-background has-text-color has-background\"><tbody><tr><td><strong>1286<\/strong><\/td><td>&nbsp;<\/td><td>Neist\u00e1 zmienka o usadlosti Sampor Hench de Zaym<br>(MOL DF 254 170)<\/td><\/tr><tr><td><strong>17.8.1300<\/strong><\/td><td>&nbsp;<\/td><td>nepriama zmienka o obci Sampor ad maiorem aquam Zampur (k v\u00e4\u010d\u0161iemu potoku Sampor)<br>(MOL DL 105 265)<\/td><\/tr><tr><td><strong>12.4.1336<\/strong><\/td><td>&nbsp;<\/td><td>prv\u00e1 priama p\u00edsomn\u00e1 zmienka o osade Sampor Hench de Zampor<br>(MOL DL 72 313)<\/td><\/tr><tr><td><strong>16.5.1336<\/strong>&nbsp;&nbsp;&nbsp;<\/td><td>&nbsp;<\/td><td>zmienka o Sampore Hench de Zampur (DL 72 314)<\/td><\/tr><tr><td><strong>26.5.1336<\/strong>&nbsp;&nbsp;<\/td><td>&nbsp;<\/td><td>listina potvrdzuj\u00faca k\u00fapu majetkov v Sampore, nap\u00edsan\u00e1<br>v ostrihomskom konvente kri\u017eovn\u00edkov<br>(DL 72 315)<\/td><\/tr><tr><td><strong>27.5.1337<\/strong><\/td><td>&nbsp;<\/td><td>op\u00e4tovn\u00e9 potvrdenie k\u00fapy majetkov v Sampore, listina nap\u00edsan\u00e1 v tur\u010dianskom konvente<br>(MOL DL 72 316)<\/td><\/tr><tr><td><strong>17.4.1409<\/strong><\/td><td>&nbsp;<\/td><td>Zmienka o Sampore v stredovekej listine<br>(DL 42 989)<\/td><\/tr><tr><td><strong>9.11.1428<\/strong><\/td><td><\/td><td>Zmienka o Sampore v stredovekej listine &#8211; &#8222;Gregor zo Sampora&#8220; (DL 43755)<\/td><\/tr><tr><td><strong>1580<\/strong><\/td><td>&nbsp;<\/td><td>Vznik dc\u00e9rocirkvi evanjelick\u00e9ho a.v. zboru v Sampore<\/td><\/tr><tr><td><strong>1582<\/strong><\/td><td>&nbsp;<\/td><td>Sampor je n\u00faten\u00fd plati\u0165 dane Turkom<strong>&nbsp;(<\/strong>tie\u017e <strong>1549, 1553, 1559, 1563, 1566, 1572, 1588, 1593, 1596, 1657&nbsp;a&nbsp;1668)<\/strong><\/td><\/tr><tr><td><strong>1. pol. 17.stor.<\/strong><\/td><td>&nbsp;<\/td><td>Vojtech Zobrovsk\u00fd, rod\u00e1k zo Sampora. Stal sa evanjelick\u00fdm far\u00e1rom. P\u00f4sobil zv\u00e4\u010d\u0161a na v\u00fdchodnom Slovensku.<\/td><\/tr><tr><td><strong>3.5.1661<\/strong><\/td><td><\/td><td>Potvrdenie z\u00e1vetu po nebohej urodzenej pani Anne Baloghovej z Nebojsa cten\u00e9mu Gabrielovi G\u00e9czymu, nap\u00edsan\u00fd v Hronseku. Sampor (okrem in\u00fdch usadlost\u00ed) sa spom\u00edna ako majetok patriaci hronseck\u00fdm zemep\u00e1nom. 29.6.1662 bol obsah testamentu zap\u00edsan\u00fd aj do &#8222;kr\u00e1\u013eovskych kn\u00edch&#8220;.<\/td><\/tr><tr><td><strong>15.8.1673<\/strong><\/td><td>&nbsp;<\/td><td>do R\u00e1du sv. Pavla, prv\u00e9ho pustovn\u00edka vst\u00fapil rod\u00e1k Gregor Ravan\u010d\u00e1k, s\u013euby zlo\u017eil 2.9.1674. doba sk\u00fa\u0161ky (novici\u00e1tu) trvala od r. 1673 do r. 1686. Zauj\u00edmavos\u0165ou je, \u017ee bol chorv\u00e1tskej n\u00e1rodnosti.<\/td><\/tr><tr><td><strong>1686<\/strong><\/td><td>&nbsp;<\/td><td>Sampor\u010dania &#8211; evanjelici dali vyhotovi\u0165 nov\u00fd renesan\u010dn\u00fd zvon pre svoju zvonicu. Odliaty bol v &nbsp;\u013dubietovej majstrom Baltaz\u00e1rom Loningerom.<\/td><\/tr><tr><td><strong>1.3.1710<\/strong><\/td><td>&nbsp;<\/td><td>pochovan\u00fd r\u00edmskokatol\u00edcky k\u0148az Michal \u010cermansk\u00fd, pravdepodobne v BB. Ako i\u0161iel vdp. p\u00e1n prevzia\u0165 farnos\u0165 Zvolensk\u00e1 Slatina, medzi Samporom a Zolnou vo\u0161iel do cesty zbojn\u00edkom, ktor\u00fd ho takmer zabili. Polom\u0155tv\u00e9ho ho \u013eudia preniesli do Banskej Bystrice, kde po hodine zomrel.<\/td><\/tr><tr><td><strong>4.5.1723<\/strong><\/td><td>&nbsp;<\/td><td>Prv\u00e1 zn\u00e1ma zmienka o mlyne v Sampore. Mlyn sa nach\u00e1dzal pri potoku, k\u00fasok za dne\u0161n\u00fdm futbalov\u00fdm ihriskom.<\/td><\/tr><tr><td><strong>1750<\/strong><\/td><td><\/td><td>Zachovan\u00e1 mapa v ma\u010farskom arch\u00edve, ktor\u00e1 zobrazuje Starovek\u00fa Kr\u00e1\u013eovsk\u00fa cestu od Lu\u010denca cez Hali\u010d, V\u00edg\u013ea\u0161, Ve\u013ek\u00fa Slatinu, Zoln\u00fa, Sampor a\u017e po Hronsek.<\/td><\/tr><tr><td><strong>25.4.1771<\/strong><\/td><td><\/td><td>V obci bol ukon\u010den\u00ed a podp\u00edsan\u00fd z\u00e1pis do Terezi\u00e1nskeho urb\u00e1ru.<\/td><\/tr><tr><td><strong>1784<\/strong><\/td><td><\/td><td>Na \u017eiados\u0165 miestneho gr\u00f3fa Jozefa Telekyho de Sz\u00e9k, v tom \u010dase majite\u013ea tzv. &#8222;Vodn\u00e9ho hradu&#8220; v Hronseku, J\u00e1n Furk\u00f3 \u00d3nod\u00ff,&nbsp;Sl\u00e1vneho Kr\u00e1\u013eovstva Uhorsk\u00e9ho pr\u00edsa\u017en\u00fd zememera\u010d a matematik vytvoril &#8222;katastr\u00e1lnu&#8220; mapu Hronseka a Sampora.<\/td><\/tr><tr><td><strong>1791<\/strong><\/td><td><\/td><td>Posledn\u00e9 katol\u00edcke bohoslu\u017eby v samporskom kostol\u00edku. Kostol u\u017e viac nebol obnoven\u00fd.<\/td><\/tr><tr><td><strong>1858<\/strong><\/td><td>&nbsp;<\/td><td>Prv\u00e1 zn\u00e1ma zmienka o pobyte \u017didov v Sampore. V tom \u010dase v obci \u017eilo 6 \u017didov, 236 ev. a 5&nbsp; kat.<\/td><\/tr><tr><td><strong>1859<\/strong><\/td><td>&nbsp;<\/td><td>Sampor\u010dania a Lukavi\u010dania si postavili v Sampore spolo\u010dn\u00fa \u0161kolu, \u010do ich vy\u0161lo na 210 zlat\u00fdch.<\/td><\/tr><tr><td><strong>1827<\/strong><\/td><td>&nbsp;<\/td><td>Prv\u00fdkr\u00e1t sa v r\u00edmskokatol\u00edckom schematizme BB diec\u00e9zy p\u00ed\u0161e, \u017ee kostol sv. Michala je v ruin\u00e1ch<\/td><\/tr><tr><td><strong>1910<\/strong><\/td><td>&nbsp;<\/td><td>Pr\u00edprava na rozsiahlu rekon\u0161trukciu \u013eudovej \u0161koly<\/td><\/tr><tr><td><strong>5.10.1910<\/strong><\/td><td>&nbsp;<\/td><td>\u0161kola v Sampore zhorela<\/td><\/tr><tr><td><strong>4.8.1911<\/strong><\/td><td>&nbsp;<\/td><td>v\u00fdstavba novej \u0161koly, ktor\u00e1 m\u00e1 sl\u00fa\u017ei\u0165 ako Sampor\u010danom tak i de\u0165om susednej dediny Lukavica. St\u00e1lo ich to 14.600 kor\u00fan<\/td><\/tr><tr><td><strong>19.11.1911<\/strong><\/td><td>&nbsp;<\/td><td>V nede\u013eu sl\u00e1vnostne posv\u00e4til novootvoren\u00fa \u0161kolu v Sampore senior Peter Bakay z O\u010dovej<\/td><\/tr><tr><td><strong>7.2.1936<\/strong><\/td><td><\/td><td>Samporsk\u00ed katol\u00edci p\u00ed\u0161u biskupovi Marianovi Blahovi, aby ich f\u00edlia\/obec bola od\u0148at\u00e1 od farnosti Zvolensk\u00e1 Slatina a pre\u0161la pod farnos\u0165 H\u00e1jniky. Biskup listom z 10.3.1936, t\u00fato \u017eiados\u0165 zamietol, d\u00f4vod uviedol, \u017ee &#8222;z cirkevno-administrat\u00edvneho oh\u013eadu to nieje mo\u017en\u00e9&#8220;. Tejto mienky sa dr\u017eal aj miestny far\u00e1r. (na margo: V tom istom roku biskup pre svoju diec\u00e9zu vysv\u00e4til 21 novok\u0148azov)<\/td><\/tr><tr><td><strong>1942&nbsp;(1945)<\/strong><\/td><td>&nbsp;<\/td><td>za\u010dal v obci p\u00f4sobi\u0165 Miestny n\u00e1rodn\u00fd v\u00fdbor<\/td><\/tr><tr><td><strong>5.9.1943<\/strong><\/td><td>&nbsp;<\/td><td>Posviacka novej \u0161koly v Lukavici, oddnes u\u017e \u0161kolopovinn\u00e9 deti z Lukavice chodia do svojej vlastnej \u0161koly. Posviacku vykonal Samuel Li\u010dko, far\u00e1r zo Zvolena spolu s miestnym far\u00e1rom Pavlom Hroncom z Hronseka.<\/td><\/tr><tr><td><strong>19.3.1945<\/strong><\/td><td>&nbsp;<\/td><td>10:00 hod., pr\u00edchod \u010cervenej arm\u00e1dy do Sampora, oslobodenie obce spod nemeck\u00fdch vojakov<\/td><\/tr><tr><td><strong>9.5.1945<\/strong><\/td><td>&nbsp;<\/td><td>zomrelo v nedo\u017eit\u00fdch 18. rokov diev\u010da Anna, ako jedin\u00e1 obe\u0165 vojny. Pochovan\u00e1 je v samporskom cintor\u00edne.<\/td><\/tr><tr><td><strong>1946\/1947<\/strong><\/td><td>&nbsp;<\/td><td>Posledn\u00fd \u0161kolsk\u00fd rok v \u013eudovej samporskej \u0161kole<\/td><\/tr><tr><td><strong>1952<\/strong><\/td><td>&nbsp;<\/td><td>bola otvoren\u00e1 a dan\u00e1 do u\u017e\u00edvania autobusov\u00e1 linka Zvolen \u2013 Slia\u010d \u2013 Ve\u013ek\u00e1 L\u00faka \u2013 Sampor \u2013 Lukavica a sp\u00e4\u0165.<\/td><\/tr><tr><td><strong>1952<\/strong><\/td><td><\/td><td>zalo\u017een\u00e9 Jednotn\u00e9 ro\u013en\u00edcke dru\u017estvo<\/td><\/tr><tr><td><strong>1954<\/strong><\/td><td>&nbsp;<\/td><td>v obci bola in\u0161talovan\u00e1 elektrifik\u00e1cia<\/td><\/tr><tr><td><strong>1971<\/strong><\/td><td>&nbsp;<\/td><td>skon\u010dil Miestny n\u00e1rodn\u00fd v\u00fdbor v Sampore<\/td><\/tr><tr><td><strong>1.1.1979<\/strong><\/td><td><\/td><td>obec Sampor je ofici\u00e1lne pri\u010dlenen\u00e1 k mestu Slia\u010d, ako mestsk\u00e1 \u010das\u0165 Sampor.<\/td><\/tr><tr><td><strong>15.8.1993<\/strong><\/td><td>&nbsp;<\/td><td>Z b\u00fdvalej \u0161koly v Sampore sa ofici\u00e1lne st\u00e1va modliteb\u0148a pre miestnu evanjelick\u00fa komunitu. Posviacku vykonal gener\u00e1lny biskup evanjelickej cirkvi a.v. na Slovensku Pavel Uhorskai<\/td><\/tr><tr><td><strong>18.11.1997<\/strong><\/td><td>&nbsp;<\/td><td>vznik po\u013eovn\u00edckeho spolku Sampor-Lukavica so s\u00eddlom<br>v Lukavici<\/td><\/tr><tr><td><strong>8\/1998<\/strong><\/td><td>&nbsp;<\/td><td>evanjelick\u00fd biskup Ivan Osusk\u00fd posv\u00e4til interi\u00e9r modlitebne v Sampore.&nbsp;<\/td><\/tr><tr><td><strong>24.5.2010<\/strong><\/td><td>&nbsp;<\/td><td>Posviacka nov\u00e9ho mn\u00ed\u0161sk\u00e9ho benedikt\u00ednsk\u00e9ho kl\u00e1\u0161tora Premenenia P\u00e1na v Sampore. Posviacku vykonal Mons. Rudolf Bal\u00e1\u017e, banskobystrick\u00fd biskup.<\/td><\/tr><tr><td><strong>15.6.2011<\/strong><\/td><td>&nbsp;<\/td><td>vznik zdru\u017eenia Montana so s\u00eddlom v Sampore. Jeho poslan\u00edm je environment\u00e1lne vzdel\u00e1vanie mlad\u00fdch \u013eud\u00ed a det\u00ed, vytv\u00e1ranie vz\u0165ahu k zvierat\u00e1m a chov kon\u00ed. V n\u00e1plni pr\u00e1ce je prev\u00e1dzkovanie lie\u010debn\u00fdch proced\u00far a z\u00e1bavn\u00e9 jazdenie na koni, najm\u00e4 pre deti od dvoch rokov a in\u00e9.<\/td><\/tr><tr><td><strong>2011<\/strong><\/td><td>&nbsp;<\/td><td>Archeologick\u00fd v\u00fdskum zaniknut\u00e9ho kostol\u00edka sv. Michala archanjela v Sampore (v cintor\u00edne). Objekt mal celkov\u00fa d\u013a\u017eku 14 metrov, lo\u010f mala rozmery 8,3 x 8,0 m, presbyt\u00e9rium 5,7 x 5,9 m. obvodov\u00e9 m\u00fary sa miestami zachovali a\u017e do v\u00fd\u0161ky 3,1 m<br><\/td><\/tr><tr><td><strong>2017<\/strong><\/td><td><\/td><td>Konal sa archeologick\u00fd v\u00fdskum geofyzik\u00e1lnym meran\u00edm zaniknut\u00e9ho kostol\u00edka v Sampore.<\/td><\/tr><\/tbody><\/table><\/figure>\n","protected":false},"excerpt":{"rendered":"<p>1286 &nbsp; Neist\u00e1 zmienka o usadlosti Sampor Hench de Zaym(MOL DF 254 170) 17.8.1300 &nbsp; nepriama zmienka o obci Sampor ad maiorem aquam Zampur (k v\u00e4\u010d\u0161iemu potoku Sampor)(MOL DL 105 265) 12.4.1336 &nbsp; prv\u00e1 priama p\u00edsomn\u00e1 zmienka o &hellip; <\/p>\n<div class=\"more-link-wrapper\"><a href=\"https:\/\/www.sampor.net\/index.php\/chronologia-dolezitych-datumov\/\" class=\"more-link\">Continue reading<span class=\"screen-reader-text\"> &#8222;Chronol\u00f3gia d\u00f4le\u017eit\u00fdch udalost\u00ed&#8220;<\/span><\/a><\/div>\n","protected":false},"author":2,"featured_media":0,"parent":0,"menu_order":1,"comment_status":"closed","ping_status":"closed","template":"template-full.php","meta":{"footnotes":""},"class_list":["post-32","page","type-page","status-publish","hentry"],"_links":{"self":[{"href":"https:\/\/www.sampor.net\/index.php\/wp-json\/wp\/v2\/pages\/32","targetHints":{"allow":["GET"]}}],"collection":[{"href":"https:\/\/www.sampor.net\/index.php\/wp-json\/wp\/v2\/pages"}],"about":[{"href":"https:\/\/www.sampor.net\/index.php\/wp-json\/wp\/v2\/types\/page"}],"author":[{"embeddable":true,"href":"https:\/\/www.sampor.net\/index.php\/wp-json\/wp\/v2\/users\/2"}],"replies":[{"embeddable":true,"href":"https:\/\/www.sampor.net\/index.php\/wp-json\/wp\/v2\/comments?post=32"}],"version-history":[{"count":31,"href":"https:\/\/www.sampor.net\/index.php\/wp-json\/wp\/v2\/pages\/32\/revisions"}],"predecessor-version":[{"id":2076,"href":"https:\/\/www.sampor.net\/index.php\/wp-json\/wp\/v2\/pages\/32\/revisions\/2076"}],"wp:attachment":[{"href":"https:\/\/www.sampor.net\/index.php\/wp-json\/wp\/v2\/media?parent=32"}],"curies":[{"name":"wp","href":"https:\/\/api.w.org\/{rel}","templated":true}]}}