{"id":2086,"date":"2025-09-02T16:03:37","date_gmt":"2025-09-02T14:03:37","guid":{"rendered":"https:\/\/www.sampor.net\/?page_id=2086"},"modified":"2025-09-03T11:09:11","modified_gmt":"2025-09-03T09:09:11","slug":"2086-2","status":"publish","type":"page","link":"https:\/\/www.sampor.net\/index.php\/2086-2\/","title":{"rendered":"\u010casopis KOLESO"},"content":{"rendered":"\n<p><a href=\"https:\/\/www.generacianula.sk\/koleso\/\" data-type=\"link\" data-id=\"https:\/\/www.generacianula.sk\/koleso\/\" target=\"_blank\" rel=\"noreferrer noopener\">\u010casopis Koleso<\/a> prin\u00e1\u0161a nielen historick\u00e9 region\u00e1lne zauj\u00edmavosti. Jeho tvorcami a z\u00e1rove\u0148 redaktormi s\u00fa aj \u010dlenovia <a href=\"https:\/\/www.generacianula.sk\/\" target=\"_blank\" rel=\"noreferrer noopener\">Gener\u00e1cie Nula<\/a> \u2013 Michal V\u00e1ro\u0161\u00edk a Marcel P\u00e1le\u0161.<\/p>\n\n\n\n<p>Na 60 stran\u00e1ch n\u00e1jdete zauj\u00edmavosti minulosti Zvolenskej kotliny, ktor\u00e1 sa tiahne od \u013dubietovej, cez Slovensk\u00fa \u013dup\u010du, Bansk\u00fa Bystricu, Slia\u010d, Zvolen, Detvu a Hri\u0148ov\u00fa. Do\u010d\u00edtate sa v \u0148om o v\u00fdznamn\u00fdch udalostiach, zn\u00e1mych, \u010di menej zn\u00e1mych osobnostiach, ktor\u00ed tvorili jej dejiny, no aj o miestach, ktor\u00e9 sa oplat\u00ed pozna\u0165 a nav\u0161t\u00edvi\u0165. \u010casopis vych\u00e1dza raz za \u0161tvr\u0165rok.<\/p>\n\n\n\n<p>\u010casopis je mo\u017en\u00e9 <a href=\"https:\/\/www.generacianula.sk\/koleso\/\" target=\"_blank\" rel=\"noreferrer noopener\">stiahnu\u0165<\/a> v elektronickej podobe alebo si ho objedna\u0165 v tla\u010denej verzii.<\/p>\n\n\n\n<div class=\"wp-block-media-text is-stacked-on-mobile\" style=\"grid-template-columns:61% auto\"><figure class=\"wp-block-media-text__media\"><img loading=\"lazy\" decoding=\"async\" width=\"1024\" height=\"734\" src=\"https:\/\/www.sampor.net\/wp-content\/uploads\/2025\/09\/image-1.png\" alt=\"\" class=\"wp-image-2103 size-full\" srcset=\"https:\/\/www.sampor.net\/wp-content\/uploads\/2025\/09\/image-1.png 1024w, https:\/\/www.sampor.net\/wp-content\/uploads\/2025\/09\/image-1-300x215.png 300w, https:\/\/www.sampor.net\/wp-content\/uploads\/2025\/09\/image-1-768x551.png 768w\" sizes=\"auto, (max-width: 1024px) 100vw, 1024px\" \/><\/figure><div class=\"wp-block-media-text__content\">\n<p>Vydavate\u013e: Spod Sklen\u00e9ho z\u00e1mku, o. z., Sielnica 12, 962 31<br>\u0160\u00e9fredaktor: Mgr. Michal V\u00e1ro\u0161\u00edk<\/p>\n<\/div><\/div>\n\n\n\n<p>Redak\u010dn\u00e1 rada: PaedDr. Marcel P\u00e1le\u0161,  CSILic. Zuzana Vr\u0165ov\u00e1, Mgr. Michal V\u00e1ro\u0161\u00edk a Mgr. \u013dubica Mi\u013eanov\u00e1<\/p>\n","protected":false},"excerpt":{"rendered":"<p>\u010casopis Koleso prin\u00e1\u0161a nielen historick\u00e9 region\u00e1lne zauj\u00edmavosti. Jeho tvorcami a z\u00e1rove\u0148 redaktormi s\u00fa aj \u010dlenovia Gener\u00e1cie Nula \u2013 Michal V\u00e1ro\u0161\u00edk a Marcel P\u00e1le\u0161. Na 60 stran\u00e1ch n\u00e1jdete zauj\u00edmavosti minulosti Zvolenskej kotliny, ktor\u00e1 sa tiahne od \u013dubietovej, cez Slovensk\u00fa &hellip; <\/p>\n<div class=\"more-link-wrapper\"><a href=\"https:\/\/www.sampor.net\/index.php\/2086-2\/\" class=\"more-link\">Continue reading<span class=\"screen-reader-text\"> &#8222;\u010casopis KOLESO&#8220;<\/span><\/a><\/div>\n","protected":false},"author":2,"featured_media":0,"parent":0,"menu_order":0,"comment_status":"closed","ping_status":"closed","template":"template-full.php","meta":{"footnotes":""},"class_list":["post-2086","page","type-page","status-publish","hentry"],"_links":{"self":[{"href":"https:\/\/www.sampor.net\/index.php\/wp-json\/wp\/v2\/pages\/2086","targetHints":{"allow":["GET"]}}],"collection":[{"href":"https:\/\/www.sampor.net\/index.php\/wp-json\/wp\/v2\/pages"}],"about":[{"href":"https:\/\/www.sampor.net\/index.php\/wp-json\/wp\/v2\/types\/page"}],"author":[{"embeddable":true,"href":"https:\/\/www.sampor.net\/index.php\/wp-json\/wp\/v2\/users\/2"}],"replies":[{"embeddable":true,"href":"https:\/\/www.sampor.net\/index.php\/wp-json\/wp\/v2\/comments?post=2086"}],"version-history":[{"count":22,"href":"https:\/\/www.sampor.net\/index.php\/wp-json\/wp\/v2\/pages\/2086\/revisions"}],"predecessor-version":[{"id":2120,"href":"https:\/\/www.sampor.net\/index.php\/wp-json\/wp\/v2\/pages\/2086\/revisions\/2120"}],"wp:attachment":[{"href":"https:\/\/www.sampor.net\/index.php\/wp-json\/wp\/v2\/media?parent=2086"}],"curies":[{"name":"wp","href":"https:\/\/api.w.org\/{rel}","templated":true}]}}