{"id":109,"date":"2021-05-05T15:37:14","date_gmt":"2021-05-05T13:37:14","guid":{"rendered":"https:\/\/www.sampor.net\/?page_id=109"},"modified":"2022-09-20T10:40:16","modified_gmt":"2022-09-20T08:40:16","slug":"fotky","status":"publish","type":"page","link":"https:\/\/www.sampor.net\/index.php\/fotky\/","title":{"rendered":"Fotogal\u00e9ria"},"content":{"rendered":"\n<p>Fotogal\u00e9ria V\u00e1m pon\u00faka z\u00e1bery z dedinky Sampor a z jej bezprostredn\u00e9ho okolia. Fotografie s\u00fa t\u00e9maticky usporiadan\u00e9 do jednotliv\u00fdch podstr\u00e1nok.<\/p>\n","protected":false},"excerpt":{"rendered":"<p>Fotogal\u00e9ria V\u00e1m pon\u00faka z\u00e1bery z dedinky Sampor a z jej bezprostredn\u00e9ho okolia. Fotografie s\u00fa t\u00e9maticky usporiadan\u00e9 do jednotliv\u00fdch podstr\u00e1nok.<\/p>\n","protected":false},"author":2,"featured_media":0,"parent":0,"menu_order":9,"comment_status":"closed","ping_status":"closed","template":"template-full.php","meta":{"footnotes":""},"class_list":["post-109","page","type-page","status-publish","hentry"],"_links":{"self":[{"href":"https:\/\/www.sampor.net\/index.php\/wp-json\/wp\/v2\/pages\/109","targetHints":{"allow":["GET"]}}],"collection":[{"href":"https:\/\/www.sampor.net\/index.php\/wp-json\/wp\/v2\/pages"}],"about":[{"href":"https:\/\/www.sampor.net\/index.php\/wp-json\/wp\/v2\/types\/page"}],"author":[{"embeddable":true,"href":"https:\/\/www.sampor.net\/index.php\/wp-json\/wp\/v2\/users\/2"}],"replies":[{"embeddable":true,"href":"https:\/\/www.sampor.net\/index.php\/wp-json\/wp\/v2\/comments?post=109"}],"version-history":[{"count":4,"href":"https:\/\/www.sampor.net\/index.php\/wp-json\/wp\/v2\/pages\/109\/revisions"}],"predecessor-version":[{"id":244,"href":"https:\/\/www.sampor.net\/index.php\/wp-json\/wp\/v2\/pages\/109\/revisions\/244"}],"wp:attachment":[{"href":"https:\/\/www.sampor.net\/index.php\/wp-json\/wp\/v2\/media?parent=109"}],"curies":[{"name":"wp","href":"https:\/\/api.w.org\/{rel}","templated":true}]}}